{"id":2721,"date":"2014-04-02T09:28:53","date_gmt":"2014-04-02T07:28:53","guid":{"rendered":"https:\/\/www2.leadbyprofession.com\/our-services\/"},"modified":"2026-03-06T14:10:17","modified_gmt":"2026-03-06T13:10:17","slug":"our-services","status":"publish","type":"page","link":"https:\/\/www.leadbyprofession.com\/en\/our-services\/","title":{"rendered":"Our services"},"content":{"rendered":"\t\t<div data-elementor-type=\"wp-page\" data-elementor-id=\"2721\" class=\"elementor elementor-2721 elementor-23\" data-elementor-post-type=\"page\">\n\t\t\t\t<div class=\"elementor-element elementor-element-0f4cc13 e-flex e-con-boxed e-con e-parent\" data-id=\"0f4cc13\" data-element_type=\"container\" data-e-type=\"container\" data-settings=\"{&quot;background_background&quot;:&quot;classic&quot;}\">\n\t\t\t\t\t<div class=\"e-con-inner\">\n\t\t<div class=\"elementor-element elementor-element-9e84c11 e-con-full e-flex e-con e-child\" data-id=\"9e84c11\" data-element_type=\"container\" data-e-type=\"container\">\n\t\t\t\t<div class=\"elementor-element elementor-element-1ee0c5b elementor-widget elementor-widget-heading\" data-id=\"1ee0c5b\" data-element_type=\"widget\" data-e-type=\"widget\" data-widget_type=\"heading.default\">\n\t\t\t\t\t<h1 class=\"elementor-heading-title elementor-size-default\">Our services<\/h1>\t\t\t\t<\/div>\n\t\t\t\t<div class=\"elementor-element elementor-element-f21b7fb elementor-widget elementor-widget-text-editor\" data-id=\"f21b7fb\" data-element_type=\"widget\" data-e-type=\"widget\" data-widget_type=\"text-editor.default\">\n\t\t\t\t\t\t\t\t\t<p>Lead by Profession offers consultancy services for key individuals, managers and leaders who want to grow, create clear results and successfully align people with strategy.\u2028Our assignments rest on three core principles: <strong>Trust, Clarity\/Direction and Align Human &amp; Strategy<\/strong> &#8211; \u00a0values that create the conditions for sustainable leadership, strong teams and long-term business success.<\/p>\n<p>Through a consultative and coaching approach, we support organisations in translating strategy into concrete action, building trust through clear communication and strengthening the connection between people and business.\u2028We offer company-tailored programmes, leadership and team development, as well as individual initiatives that support both personal and organisational growth. Our work leads to greater clarity of direction, strengthened accountability and measurable results -always with a focus on creating value for both people and business.<\/p>\n\t\t\t\t\t\t\t\t<\/div>\n\t\t\t\t<div class=\"elementor-element elementor-element-772cfaa elementor-align-center elementor-tablet-align-center elementor-mobile-align-center elementor-widget elementor-widget-button\" data-id=\"772cfaa\" data-element_type=\"widget\" data-e-type=\"widget\" data-widget_type=\"button.default\">\n\t\t\t\t\t\t\t\t\t\t<a class=\"elementor-button elementor-button-link elementor-size-sm elementor-animation-grow\" href=\"https:\/\/www2.leadbyprofession.com\/en\/contact\/\">\n\t\t\t\t\t\t<span class=\"elementor-button-content-wrapper\">\n\t\t\t\t\t\t\t\t\t<span class=\"elementor-button-text\">Book a meeting<\/span>\n\t\t\t\t\t<\/span>\n\t\t\t\t\t<\/a>\n\t\t\t\t\t\t\t\t<\/div>\n\t\t\t\t<\/div>\n\t\t\t\t\t<\/div>\n\t\t\t\t<\/div>\n\t\t<div class=\"elementor-element elementor-element-879f4e1 e-flex e-con-boxed e-con e-parent\" data-id=\"879f4e1\" data-element_type=\"container\" data-e-type=\"container\" data-settings=\"{&quot;background_background&quot;:&quot;classic&quot;}\">\n\t\t\t\t\t<div class=\"e-con-inner\">\n\t\t<div class=\"elementor-element elementor-element-6b99884 e-con-full e-flex elementor-invisible e-con e-child\" data-id=\"6b99884\" data-element_type=\"container\" data-e-type=\"container\" data-settings=\"{&quot;animation&quot;:&quot;fadeInLeft&quot;,&quot;animation_delay&quot;:100}\">\n\t\t\t\t<div class=\"elementor-element elementor-element-39666f6 elementor-widget elementor-widget-heading\" data-id=\"39666f6\" data-element_type=\"widget\" data-e-type=\"widget\" data-widget_type=\"heading.default\">\n\t\t\t\t\t<h4 class=\"elementor-heading-title elementor-size-default\">01<\/h4>\t\t\t\t<\/div>\n\t\t\t\t<div class=\"elementor-element elementor-element-16a9622 elementor-widget elementor-widget-heading\" data-id=\"16a9622\" data-element_type=\"widget\" data-e-type=\"widget\" data-widget_type=\"heading.default\">\n\t\t\t\t\t<h2 class=\"elementor-heading-title elementor-size-default\">Leadership and self-Leadership<\/h2>\t\t\t\t<\/div>\n\t\t\t\t<div class=\"elementor-element elementor-element-04b0ac4 elementor-widget-mobile__width-inherit elementor-widget elementor-widget-text-editor\" data-id=\"04b0ac4\" data-element_type=\"widget\" data-e-type=\"widget\" data-widget_type=\"text-editor.default\">\n\t\t\t\t\t\t\t\t\t<p>Focus on the individual and the leader\u2019s personal development.\u2028Through structured conversations and programmes, we create space for reflection, insight and action &#8211; with trust, clarity and direction as the foundation. The work is based on your goals, whether professional or personal.<\/p>\n\t\t\t\t\t\t\t\t<\/div>\n\t\t\t\t<\/div>\n\t\t<div class=\"elementor-element elementor-element-f9ee1df e-con-full e-flex e-con e-child\" data-id=\"f9ee1df\" data-element_type=\"container\" data-e-type=\"container\">\n\t\t\t\t<div class=\"elementor-element elementor-element-b10f9a9 elementor-widget elementor-widget-heading\" data-id=\"b10f9a9\" data-element_type=\"widget\" data-e-type=\"widget\" data-widget_type=\"heading.default\">\n\t\t\t\t\t<h3 class=\"elementor-heading-title elementor-size-default\">Examples of services<\/h3>\t\t\t\t<\/div>\n\t\t\t\t<div class=\"elementor-element elementor-element-5f4bc7d elementor-widget__width-initial elementor-widget-mobile__width-inherit elementor-widget elementor-widget-text-editor\" data-id=\"5f4bc7d\" data-element_type=\"widget\" data-e-type=\"widget\" data-widget_type=\"text-editor.default\">\n\t\t\t\t\t\t\t\t\t<p><b>Executive coaching and leadership development (individual)<\/b><\/p>\n<p>Strengthen your leadership through reflection, practical tools and training that create clarity in everyday work and long-term results.<\/p>\n\t\t\t\t\t\t\t\t<\/div>\n\t\t\t\t<\/div>\n\t\t\t\t\t<\/div>\n\t\t\t\t<\/div>\n\t\t<div class=\"elementor-element elementor-element-cc46af0 e-flex e-con-boxed e-con e-parent\" data-id=\"cc46af0\" data-element_type=\"container\" data-e-type=\"container\" data-settings=\"{&quot;background_background&quot;:&quot;classic&quot;}\">\n\t\t\t\t\t<div class=\"e-con-inner\">\n\t\t<div class=\"elementor-element elementor-element-2216370 e-con-full e-flex e-con e-child\" data-id=\"2216370\" data-element_type=\"container\" data-e-type=\"container\">\n\t\t\t\t<div class=\"elementor-element elementor-element-d47496a elementor-widget elementor-widget-heading\" data-id=\"d47496a\" data-element_type=\"widget\" data-e-type=\"widget\" data-widget_type=\"heading.default\">\n\t\t\t\t\t<h4 class=\"elementor-heading-title elementor-size-default\">02<\/h4>\t\t\t\t<\/div>\n\t\t\t\t<div class=\"elementor-element elementor-element-a2859ea elementor-widget elementor-widget-heading\" data-id=\"a2859ea\" data-element_type=\"widget\" data-e-type=\"widget\" data-widget_type=\"heading.default\">\n\t\t\t\t\t<h2 class=\"elementor-heading-title elementor-size-default\">Executive team, team and organisational development with business direction<\/h2>\t\t\t\t<\/div>\n\t\t\t\t<div class=\"elementor-element elementor-element-b1c332f elementor-widget-mobile__width-inherit elementor-widget elementor-widget-text-editor\" data-id=\"b1c332f\" data-element_type=\"widget\" data-e-type=\"widget\" data-widget_type=\"text-editor.default\">\n\t\t\t\t\t\t\t\t\t<p>For executive teams, management teams and groups who want to grow together, create clarity and achieve shared goals.\u2028We combine human understanding with business direction and focus on trust, communication and collaboration- the foundation for long-term results.<br \/>Structure, clarity and human understanding are integrated throughout the work, with trust as the basis for successful collaboration. We strengthen the team\u2019s shared direction, clarify roles and responsibilities, and create the conditions for communicative leadership that engages and moves the organisation forward.<\/p>\n\t\t\t\t\t\t\t\t<\/div>\n\t\t\t\t<\/div>\n\t\t\t\t\t<\/div>\n\t\t\t\t<\/div>\n\t\t<div class=\"elementor-element elementor-element-55d960f e-flex e-con-boxed e-con e-parent\" data-id=\"55d960f\" data-element_type=\"container\" data-e-type=\"container\" data-settings=\"{&quot;background_background&quot;:&quot;classic&quot;}\">\n\t\t\t\t\t<div class=\"e-con-inner\">\n\t\t<div class=\"elementor-element elementor-element-9b05003 e-con-full e-flex elementor-invisible e-con e-child\" data-id=\"9b05003\" data-element_type=\"container\" data-e-type=\"container\" data-settings=\"{&quot;background_background&quot;:&quot;classic&quot;,&quot;animation&quot;:&quot;fadeInUp&quot;,&quot;animation_delay&quot;:100}\">\n\t\t\t\t<div class=\"elementor-element elementor-element-22d9676 elementor-widget elementor-widget-heading\" data-id=\"22d9676\" data-element_type=\"widget\" data-e-type=\"widget\" data-widget_type=\"heading.default\">\n\t\t\t\t\t<h3 class=\"elementor-heading-title elementor-size-default\">Services<\/h3>\t\t\t\t<\/div>\n\t\t\t\t<div class=\"elementor-element elementor-element-a5aa045 elementor-widget elementor-widget-text-editor\" data-id=\"a5aa045\" data-element_type=\"widget\" data-e-type=\"widget\" data-widget_type=\"text-editor.default\">\n\t\t\t\t\t\t\t\t\t<p><b>Executive team development<\/b><br \/>Strengthens leadership teams in creating clarity, shared direction and strategic focus. Through reflection, dialogue and structured processes, communication, collaboration and decision-making improve &#8211; leading to a more aligned and effective organisation.<\/p>\n<p><b>Group and team development<\/b><br \/>Strengthens collaboration, communication and shared direction within teams. Interactive processes and practical exercises create alignment, trust and clear results that translate into everyday work.<\/p>\n<p><b>Clarifying ways of working<\/b><br \/>We support organisations in creating clarity around roles, responsibilities and working processes. By clarifying how teams and departments collaborate, a shared understanding is created that strengthens efficiency and transparency.<\/p>\n<p><strong>Change management, process leadership and facilitation <\/strong><b><\/b>We lead and facilitate structured processes and meetings that ensure strategies and decisions are translated into action. Through methodical support and dialogue, alignment, collaboration and direction are strengthened &#8211; leading to better results and sustainable change.<\/p>\n<p><strong data-start=\"79\" data-end=\"93\">Mentorship<\/strong><br data-start=\"93\" data-end=\"96\" \/>Support for leaders and key individuals in their personal and professional development. Through structured conversations and reflection, clarity is created around leadership, responsibility and direction \u2013 strengthening both the individual and the organization.<\/p>\n<p><b>Workshops<\/b><br \/>Interactive sessions that strengthen collaboration, engagement and shared direction, translating theory into practical results.<\/p>\n\t\t\t\t\t\t\t\t<\/div>\n\t\t\t\t<\/div>\n\t\t<div class=\"elementor-element elementor-element-1d36a4d e-con-full e-flex elementor-invisible e-con e-child\" data-id=\"1d36a4d\" data-element_type=\"container\" data-e-type=\"container\" data-settings=\"{&quot;background_background&quot;:&quot;classic&quot;,&quot;animation&quot;:&quot;fadeInUp&quot;,&quot;animation_delay&quot;:600}\">\n\t\t\t\t<div class=\"elementor-element elementor-element-2f283be elementor-widget elementor-widget-heading\" data-id=\"2f283be\" data-element_type=\"widget\" data-e-type=\"widget\" data-widget_type=\"heading.default\">\n\t\t\t\t\t<h3 class=\"elementor-heading-title elementor-size-default\">Company-tailored leadership programmes for groups<\/h3>\t\t\t\t<\/div>\n\t\t\t\t<div class=\"elementor-element elementor-element-2b4a45b elementor-widget-mobile__width-inherit elementor-widget elementor-widget-text-editor\" data-id=\"2b4a45b\" data-element_type=\"widget\" data-e-type=\"widget\" data-widget_type=\"text-editor.default\">\n\t\t\t\t\t\t\t\t\t<p>Program som skapar samsyn, tydlighet och gemensam riktning, anpassade efter organisationens m\u00e5l, kultur och vardag.\u00a0<\/p>\n<p><span style=\"text-decoration: underline;\">Nedan exempel p\u00e5 genomf\u00f6rda program<\/span><br \/><strong>H\u00e5llbart, m\u00e4nskligt och aff\u00e4rsm\u00e4ssigt ledarskap<br \/><\/strong>Tr\u00e4nar ledare att kombinera empati, tydlighet och resultatfokus. Genom att balansera m\u00e4nskliga v\u00e4rden och aff\u00e4rsm\u00e5l skapas l\u00e5ngsiktigt h\u00e5llbara resultat.<br \/><strong><br \/>Att vara chef och leda genom ledarskap\u2028<br \/><\/strong>Utvecklar chefers f\u00f6rm\u00e5ga att leda m\u00e4nniskor och resultat samtidigt, med balans mellan tydlighet, tillit och aff\u00e4rsnytta.<\/p>\n<p><strong>Human Leadership in Work, Business and Life\u2028<br \/><\/strong>Verktyg och insikter f\u00f6r att f\u00f6rena m\u00e4nskliga perspektiv med aff\u00e4rsm\u00e5l. Programmet st\u00e4rker ledarens f\u00f6rm\u00e5ga att prioritera, skapa engagemang och leverera h\u00e5llbara resultat.<\/p>\n<p>\u00a0<\/p>\n<p>\u00a0<\/p>\n<p>\u00a0<\/p>\n\t\t\t\t\t\t\t\t<\/div>\n\t\t\t\t<\/div>\n\t\t\t\t\t<\/div>\n\t\t\t\t<\/div>\n\t\t<div class=\"elementor-element elementor-element-faaaad3 e-flex e-con-boxed e-con e-parent\" data-id=\"faaaad3\" data-element_type=\"container\" data-e-type=\"container\" data-settings=\"{&quot;background_background&quot;:&quot;classic&quot;}\">\n\t\t\t\t\t<div class=\"e-con-inner\">\n\t\t<div class=\"elementor-element elementor-element-c29c258 e-con-full e-flex e-con e-child\" data-id=\"c29c258\" data-element_type=\"container\" data-e-type=\"container\">\n\t\t\t\t<div class=\"elementor-element elementor-element-b2faeaa elementor-widget elementor-widget-heading\" data-id=\"b2faeaa\" data-element_type=\"widget\" data-e-type=\"widget\" data-widget_type=\"heading.default\">\n\t\t\t\t\t<h4 class=\"elementor-heading-title elementor-size-default\">03<\/h4>\t\t\t\t<\/div>\n\t\t\t\t<div class=\"elementor-element elementor-element-276d089 elementor-widget elementor-widget-heading\" data-id=\"276d089\" data-element_type=\"widget\" data-e-type=\"widget\" data-widget_type=\"heading.default\">\n\t\t\t\t\t<h2 class=\"elementor-heading-title elementor-size-default\">Digital training<bR>och inspiration<\/h2>\t\t\t\t<\/div>\n\t\t\t\t<div class=\"elementor-element elementor-element-5210b36 elementor-widget-mobile__width-inherit elementor-widget elementor-widget-text-editor\" data-id=\"5210b36\" data-element_type=\"widget\" data-e-type=\"widget\" data-widget_type=\"text-editor.default\">\n\t\t\t\t\t\t\t\t\t<p>Digital programmes and lectures that inspire, build competence and create clarity in both direction and action.\u2028We combine human development with organisational goals &#8211; where trust, clarity and direction are central.<\/p>\n<p>Our digital formats make learning and leadership development accessible and engaging, with the same presence, warmth and business focus as in our in-person work.<\/p>\n\t\t\t\t\t\t\t\t<\/div>\n\t\t\t\t<div class=\"elementor-element elementor-element-ee5e408 elementor-align-left elementor-tablet-align-left elementor-mobile-align-left elementor-widget elementor-widget-button\" data-id=\"ee5e408\" data-element_type=\"widget\" data-e-type=\"widget\" data-widget_type=\"button.default\">\n\t\t\t\t\t\t\t\t\t\t<a class=\"elementor-button elementor-button-link elementor-size-sm elementor-animation-grow\" href=\"https:\/\/www2.leadbyprofession.com\/en\/contact\/\">\n\t\t\t\t\t\t<span class=\"elementor-button-content-wrapper\">\n\t\t\t\t\t\t\t\t\t<span class=\"elementor-button-text\">Book a meeting<\/span>\n\t\t\t\t\t<\/span>\n\t\t\t\t\t<\/a>\n\t\t\t\t\t\t\t\t<\/div>\n\t\t\t\t<\/div>\n\t\t<div class=\"elementor-element elementor-element-59d8531 e-con-full e-flex elementor-invisible e-con e-child\" data-id=\"59d8531\" data-element_type=\"container\" data-e-type=\"container\" data-settings=\"{&quot;animation&quot;:&quot;fadeInRight&quot;,&quot;animation_delay&quot;:500}\">\n\t\t\t\t<div class=\"elementor-element elementor-element-e475608 elementor-widget elementor-widget-heading\" data-id=\"e475608\" data-element_type=\"widget\" data-e-type=\"widget\" data-widget_type=\"heading.default\">\n\t\t\t\t\t<h3 class=\"elementor-heading-title elementor-size-default\">Examples of services<\/h3>\t\t\t\t<\/div>\n\t\t\t\t<div class=\"elementor-element elementor-element-f4ae007 elementor-widget__width-initial elementor-widget-mobile__width-inherit elementor-widget elementor-widget-text-editor\" data-id=\"f4ae007\" data-element_type=\"widget\" data-e-type=\"widget\" data-widget_type=\"text-editor.default\">\n\t\t\t\t\t\t\t\t\t<p><strong>Digital training programmes (e.g. Corporate health 25\/26)\u2028<\/strong><\/p>\n<p>Flexible and interactive programmes that strengthen leadership, health and performance. Participants gain insight, tools and inspiration to create sustainable results \u2014 both individually and organisationally.<\/p>\n<p><strong>Inspirational talks\u2028<\/strong><\/p>\n<p>Short, energising talks that spark reflection and engagement. Content is adapted to audience and theme, offering clear perspectives on how human values and business goals can be aligned in practice.<\/p>\n\t\t\t\t\t\t\t\t<\/div>\n\t\t\t\t<\/div>\n\t\t\t\t\t<\/div>\n\t\t\t\t<\/div>\n\t\t\t\t<\/div>\n\t\t","protected":false},"excerpt":{"rendered":"<p>Our services Lead by Profession offers consultancy services for key individuals, managers and leaders who want to grow, create clear results and successfully align people with strategy.\u2028Our assignments rest on three core principles: Trust, Clarity\/Direction and Align Human &amp; Strategy &#8211; \u00a0values that create the conditions for sustainable leadership, strong teams and long-term business success. [&hellip;]<\/p>\n","protected":false},"author":1,"featured_media":0,"parent":0,"menu_order":0,"comment_status":"open","ping_status":"open","template":"elementor_header_footer","meta":{"_acf_changed":false,"_seopress_robots_primary_cat":"","_seopress_titles_title":"Our sevicesl Lead by Profession","_seopress_titles_desc":"Lead by Profession offers consultancy services in leadership development, team development and strategic change.","_seopress_robots_index":"","footnotes":""},"class_list":["post-2721","page","type-page","status-publish","hentry"],"acf":[],"_links":{"self":[{"href":"https:\/\/www.leadbyprofession.com\/en\/wp-json\/wp\/v2\/pages\/2721","targetHints":{"allow":["GET"]}}],"collection":[{"href":"https:\/\/www.leadbyprofession.com\/en\/wp-json\/wp\/v2\/pages"}],"about":[{"href":"https:\/\/www.leadbyprofession.com\/en\/wp-json\/wp\/v2\/types\/page"}],"author":[{"embeddable":true,"href":"https:\/\/www.leadbyprofession.com\/en\/wp-json\/wp\/v2\/users\/1"}],"replies":[{"embeddable":true,"href":"https:\/\/www.leadbyprofession.com\/en\/wp-json\/wp\/v2\/comments?post=2721"}],"version-history":[{"count":8,"href":"https:\/\/www.leadbyprofession.com\/en\/wp-json\/wp\/v2\/pages\/2721\/revisions"}],"predecessor-version":[{"id":2933,"href":"https:\/\/www.leadbyprofession.com\/en\/wp-json\/wp\/v2\/pages\/2721\/revisions\/2933"}],"wp:attachment":[{"href":"https:\/\/www.leadbyprofession.com\/en\/wp-json\/wp\/v2\/media?parent=2721"}],"curies":[{"name":"wp","href":"https:\/\/api.w.org\/{rel}","templated":true}]}}