{"id":2683,"date":"2026-01-25T16:22:05","date_gmt":"2026-01-25T15:22:05","guid":{"rendered":"https:\/\/www2.leadbyprofession.com\/perspectives-insights\/"},"modified":"2026-02-15T14:58:52","modified_gmt":"2026-02-15T13:58:52","slug":"perspectives-insights","status":"publish","type":"page","link":"https:\/\/www.leadbyprofession.com\/en\/perspectives-insights\/","title":{"rendered":"Perspectives &#038; Insights"},"content":{"rendered":"\t\t<div data-elementor-type=\"wp-page\" data-elementor-id=\"2683\" class=\"elementor elementor-2683 elementor-2062\" data-elementor-post-type=\"page\">\n\t\t\t\t<div class=\"elementor-element elementor-element-119c26c e-flex e-con-boxed e-con e-parent\" data-id=\"119c26c\" data-element_type=\"container\" data-e-type=\"container\">\n\t\t\t\t\t<div class=\"e-con-inner\">\n\t\t<div class=\"elementor-element elementor-element-0ebc8b6 e-con-full e-flex e-con e-child\" data-id=\"0ebc8b6\" data-element_type=\"container\" data-e-type=\"container\">\n\t\t\t\t<div class=\"elementor-element elementor-element-5dd70b9 elementor-widget elementor-widget-heading\" data-id=\"5dd70b9\" data-element_type=\"widget\" data-e-type=\"widget\" data-widget_type=\"heading.default\">\n\t\t\t\t\t<h3 class=\"elementor-heading-title elementor-size-default\">Perspectives &amp; Insights<\/h3>\t\t\t\t<\/div>\n\t\t\t\t<div class=\"elementor-element elementor-element-bca2dc8 elementor-grid-3 elementor-grid-tablet-2 elementor-grid-mobile-1 elementor-posts--thumbnail-top elementor-card-shadow-yes elementor-posts__hover-gradient load-more-align-center elementor-widget elementor-widget-posts\" data-id=\"bca2dc8\" data-element_type=\"widget\" data-e-type=\"widget\" data-settings=\"{&quot;pagination_type&quot;:&quot;load_more_on_click&quot;,&quot;cards_columns&quot;:&quot;3&quot;,&quot;cards_columns_tablet&quot;:&quot;2&quot;,&quot;cards_columns_mobile&quot;:&quot;1&quot;,&quot;cards_row_gap&quot;:{&quot;unit&quot;:&quot;px&quot;,&quot;size&quot;:35,&quot;sizes&quot;:[]},&quot;cards_row_gap_tablet&quot;:{&quot;unit&quot;:&quot;px&quot;,&quot;size&quot;:&quot;&quot;,&quot;sizes&quot;:[]},&quot;cards_row_gap_mobile&quot;:{&quot;unit&quot;:&quot;px&quot;,&quot;size&quot;:&quot;&quot;,&quot;sizes&quot;:[]},&quot;load_more_spinner&quot;:{&quot;value&quot;:&quot;fas fa-spinner&quot;,&quot;library&quot;:&quot;fa-solid&quot;}}\" data-widget_type=\"posts.cards\">\n\t\t\t\t<div class=\"elementor-widget-container\">\n\t\t\t\t\t\t\t<div class=\"elementor-posts-container elementor-posts elementor-posts--skin-cards elementor-grid\" role=\"list\">\n\t\t\t\t<article class=\"elementor-post elementor-grid-item post-2822 post type-post status-publish format-standard has-post-thumbnail hentry category-okategoriserad\" role=\"listitem\">\n\t\t\t<div class=\"elementor-post__card\">\n\t\t\t\t<a class=\"elementor-post__thumbnail__link\" href=\"https:\/\/www.leadbyprofession.com\/en\/a-comment-around-the-kitchen-table-new-website-same-foundation\/\" tabindex=\"-1\" ><div class=\"elementor-post__thumbnail\"><img alt=\"\" fetchpriority=\"high\" decoding=\"async\" width=\"1280\" height=\"400\" src=\"https:\/\/www.leadbyprofession.com\/wp-content\/uploads\/2026\/02\/Ny-hemsida-samma-grund-Webb-1.png\" class=\"elementor-animation-grow attachment-full size-full wp-image-2842\" alt=\"\" srcset=\"https:\/\/www.leadbyprofession.com\/wp-content\/uploads\/2026\/02\/Ny-hemsida-samma-grund-Webb-1.png 1280w, https:\/\/www.leadbyprofession.com\/wp-content\/uploads\/2026\/02\/Ny-hemsida-samma-grund-Webb-1-350x109.png 350w, https:\/\/www.leadbyprofession.com\/wp-content\/uploads\/2026\/02\/Ny-hemsida-samma-grund-Webb-1-1024x320.png 1024w, https:\/\/www.leadbyprofession.com\/wp-content\/uploads\/2026\/02\/Ny-hemsida-samma-grund-Webb-1-768x240.png 768w\" sizes=\"(max-width: 1280px) 100vw, 1280px\" \/><\/div><\/a>\n\t\t\t\t<div class=\"elementor-post__text\">\n\t\t\t\t<h3 class=\"elementor-post__title\">\n\t\t\t<a href=\"https:\/\/www.leadbyprofession.com\/en\/a-comment-around-the-kitchen-table-new-website-same-foundation\/\" >\n\t\t\t\tA comment around the kitchen table. New website, same foundation.\t\t\t<\/a>\n\t\t<\/h3>\n\t\t\t\t<div class=\"elementor-post__excerpt\">\n\t\t\t<p>A comment around the kitchen table. New website, same foundation. \u201cMum, are you aware that your website more or less looks like a Word document?\u201dThat\u2019s how it began.A comment over<\/p>\n\t\t<\/div>\n\t\t\t\t\t<div class=\"elementor-post__read-more-wrapper\">\n\t\t\n\t\t<a class=\"elementor-post__read-more\" href=\"https:\/\/www.leadbyprofession.com\/en\/a-comment-around-the-kitchen-table-new-website-same-foundation\/\" aria-label=\"Read more about A comment around the kitchen table. New website, same foundation.\" tabindex=\"-1\" >\n\t\t\tRead more \u00bb\t\t<\/a>\n\n\t\t\t\t\t<\/div>\n\t\t\t\t<\/div>\n\t\t\t\t<div class=\"elementor-post__meta-data\">\n\t\t\t\t\t<span class=\"elementor-post-date\">\n\t\t\t17 February, 2026\t\t<\/span>\n\t\t\t\t<\/div>\n\t\t\t\t\t<\/div>\n\t\t<\/article>\n\t\t\t\t<article class=\"elementor-post elementor-grid-item post-2747 post type-post status-publish format-standard has-post-thumbnail hentry category-okategoriserad\" role=\"listitem\">\n\t\t\t<div class=\"elementor-post__card\">\n\t\t\t\t<a class=\"elementor-post__thumbnail__link\" href=\"https:\/\/www.leadbyprofession.com\/en\/year-in-review-2025-the-power-of-a-stable-foundation\/\" tabindex=\"-1\" ><div class=\"elementor-post__thumbnail\"><img alt=\"\" decoding=\"async\" width=\"924\" height=\"874\" src=\"https:\/\/www.leadbyprofession.com\/wp-content\/uploads\/2025\/12\/Skarmavbild-2025-12-31-kl.-15.47.30.png\" class=\"elementor-animation-grow attachment-full size-full wp-image-2743\" alt=\"\" srcset=\"https:\/\/www.leadbyprofession.com\/wp-content\/uploads\/2025\/12\/Skarmavbild-2025-12-31-kl.-15.47.30.png 924w, https:\/\/www.leadbyprofession.com\/wp-content\/uploads\/2025\/12\/Skarmavbild-2025-12-31-kl.-15.47.30-317x300.png 317w, https:\/\/www.leadbyprofession.com\/wp-content\/uploads\/2025\/12\/Skarmavbild-2025-12-31-kl.-15.47.30-768x726.png 768w\" sizes=\"(max-width: 924px) 100vw, 924px\" \/><\/div><\/a>\n\t\t\t\t<div class=\"elementor-post__text\">\n\t\t\t\t<h3 class=\"elementor-post__title\">\n\t\t\t<a href=\"https:\/\/www.leadbyprofession.com\/en\/year-in-review-2025-the-power-of-a-stable-foundation\/\" >\n\t\t\t\tYear in review 2025 &#8211; The power of a stable foundation\t\t\t<\/a>\n\t\t<\/h3>\n\t\t\t\t<div class=\"elementor-post__excerpt\">\n\t\t\t<p>Year in review 2025 The power of a stable foundation A year filled with meetings, conversations, and both small and significant moments that remind me of what truly matters over<\/p>\n\t\t<\/div>\n\t\t\t\t\t<div class=\"elementor-post__read-more-wrapper\">\n\t\t\n\t\t<a class=\"elementor-post__read-more\" href=\"https:\/\/www.leadbyprofession.com\/en\/year-in-review-2025-the-power-of-a-stable-foundation\/\" aria-label=\"Read more about Year in review 2025 &#8211; The power of a stable foundation\" tabindex=\"-1\" >\n\t\t\tRead more \u00bb\t\t<\/a>\n\n\t\t\t\t\t<\/div>\n\t\t\t\t<\/div>\n\t\t\t\t<div class=\"elementor-post__meta-data\">\n\t\t\t\t\t<span class=\"elementor-post-date\">\n\t\t\t31 December, 2025\t\t<\/span>\n\t\t\t\t<\/div>\n\t\t\t\t\t<\/div>\n\t\t<\/article>\n\t\t\t\t<article class=\"elementor-post elementor-grid-item post-2757 post type-post status-publish format-standard has-post-thumbnail hentry category-okategoriserad\" role=\"listitem\">\n\t\t\t<div class=\"elementor-post__card\">\n\t\t\t\t<a class=\"elementor-post__thumbnail__link\" href=\"https:\/\/www.leadbyprofession.com\/en\/personal-leadership-in-the-future-from-surviving-to-living\/\" tabindex=\"-1\" ><div class=\"elementor-post__thumbnail\"><img alt=\"\" decoding=\"async\" width=\"978\" height=\"864\" src=\"https:\/\/www.leadbyprofession.com\/wp-content\/uploads\/2026\/01\/Skarmavbild-2026-01-22-kl.-19.28.35.png\" class=\"elementor-animation-grow attachment-full size-full wp-image-2753\" alt=\"\" srcset=\"https:\/\/www.leadbyprofession.com\/wp-content\/uploads\/2026\/01\/Skarmavbild-2026-01-22-kl.-19.28.35.png 978w, https:\/\/www.leadbyprofession.com\/wp-content\/uploads\/2026\/01\/Skarmavbild-2026-01-22-kl.-19.28.35-340x300.png 340w, https:\/\/www.leadbyprofession.com\/wp-content\/uploads\/2026\/01\/Skarmavbild-2026-01-22-kl.-19.28.35-768x678.png 768w\" sizes=\"(max-width: 978px) 100vw, 978px\" \/><\/div><\/a>\n\t\t\t\t<div class=\"elementor-post__text\">\n\t\t\t\t<h3 class=\"elementor-post__title\">\n\t\t\t<a href=\"https:\/\/www.leadbyprofession.com\/en\/personal-leadership-in-the-future-from-surviving-to-living\/\" >\n\t\t\t\tPersonal leadership in the future \u2013 From surviving to living\t\t\t<\/a>\n\t\t<\/h3>\n\t\t\t\t<div class=\"elementor-post__excerpt\">\n\t\t\t<p>Personal leadership in the future From surviving to living Historically, we as human beings have needed to find strategies to survive\u2014often by seeking answers and a sense of safety outside<\/p>\n\t\t<\/div>\n\t\t\t\t\t<div class=\"elementor-post__read-more-wrapper\">\n\t\t\n\t\t<a class=\"elementor-post__read-more\" href=\"https:\/\/www.leadbyprofession.com\/en\/personal-leadership-in-the-future-from-surviving-to-living\/\" aria-label=\"Read more about Personal leadership in the future \u2013 From surviving to living\" tabindex=\"-1\" >\n\t\t\tRead more \u00bb\t\t<\/a>\n\n\t\t\t\t\t<\/div>\n\t\t\t\t<\/div>\n\t\t\t\t<div class=\"elementor-post__meta-data\">\n\t\t\t\t\t<span class=\"elementor-post-date\">\n\t\t\t4 December, 2025\t\t<\/span>\n\t\t\t\t<\/div>\n\t\t\t\t\t<\/div>\n\t\t<\/article>\n\t\t\t\t<article class=\"elementor-post elementor-grid-item post-2763 post type-post status-publish format-standard has-post-thumbnail hentry category-okategoriserad\" role=\"listitem\">\n\t\t\t<div class=\"elementor-post__card\">\n\t\t\t\t<a class=\"elementor-post__thumbnail__link\" href=\"https:\/\/www.leadbyprofession.com\/en\/what-needs-do-many-leadership-teams-have-right-now-my-answer-is-simple-but-not-always-easy\/\" tabindex=\"-1\" ><div class=\"elementor-post__thumbnail\"><img alt=\"\" loading=\"lazy\" decoding=\"async\" width=\"250\" height=\"143\" src=\"https:\/\/www.leadbyprofession.com\/wp-content\/uploads\/2026\/01\/Skarmavbild-2026-01-22-kl.-19.29.52-e1769107421219.png\" class=\"elementor-animation-grow attachment-full size-full wp-image-2762\" alt=\"\" \/><\/div><\/a>\n\t\t\t\t<div class=\"elementor-post__text\">\n\t\t\t\t<h3 class=\"elementor-post__title\">\n\t\t\t<a href=\"https:\/\/www.leadbyprofession.com\/en\/what-needs-do-many-leadership-teams-have-right-now-my-answer-is-simple-but-not-always-easy\/\" >\n\t\t\t\tWhat needs do many leadership teams have right now? My answer is simple &#8211; but not always easy.\t\t\t<\/a>\n\t\t<\/h3>\n\t\t\t\t<div class=\"elementor-post__excerpt\">\n\t\t\t<p>What needs do many leadership teams have right now? My answer is simple, but not always easy. Everything begins with our communication and collaboration- it is the foundation for everything<\/p>\n\t\t<\/div>\n\t\t\t\t\t<div class=\"elementor-post__read-more-wrapper\">\n\t\t\n\t\t<a class=\"elementor-post__read-more\" href=\"https:\/\/www.leadbyprofession.com\/en\/what-needs-do-many-leadership-teams-have-right-now-my-answer-is-simple-but-not-always-easy\/\" aria-label=\"Read more about What needs do many leadership teams have right now? My answer is simple &#8211; but not always easy.\" tabindex=\"-1\" >\n\t\t\tRead more \u00bb\t\t<\/a>\n\n\t\t\t\t\t<\/div>\n\t\t\t\t<\/div>\n\t\t\t\t<div class=\"elementor-post__meta-data\">\n\t\t\t\t\t<span class=\"elementor-post-date\">\n\t\t\t11 November, 2025\t\t<\/span>\n\t\t\t\t<\/div>\n\t\t\t\t\t<\/div>\n\t\t<\/article>\n\t\t\t\t<\/div>\n\t\t\t\t\t<span class=\"e-load-more-spinner\">\n\t\t\t\t<svg aria-hidden=\"true\" class=\"e-font-icon-svg e-fas-spinner\" viewBox=\"0 0 512 512\" xmlns=\"http:\/\/www.w3.org\/2000\/svg\"><path d=\"M304 48c0 26.51-21.49 48-48 48s-48-21.49-48-48 21.49-48 48-48 48 21.49 48 48zm-48 368c-26.51 0-48 21.49-48 48s21.49 48 48 48 48-21.49 48-48-21.49-48-48-48zm208-208c-26.51 0-48 21.49-48 48s21.49 48 48 48 48-21.49 48-48-21.49-48-48-48zM96 256c0-26.51-21.49-48-48-48S0 229.49 0 256s21.49 48 48 48 48-21.49 48-48zm12.922 99.078c-26.51 0-48 21.49-48 48s21.49 48 48 48 48-21.49 48-48c0-26.509-21.491-48-48-48zm294.156 0c-26.51 0-48 21.49-48 48s21.49 48 48 48 48-21.49 48-48c0-26.509-21.49-48-48-48zM108.922 60.922c-26.51 0-48 21.49-48 48s21.49 48 48 48 48-21.49 48-48-21.491-48-48-48z\"><\/path><\/svg>\t\t\t<\/span>\n\t\t\n\t\t\t\t\t\t<\/div>\n\t\t\t\t<\/div>\n\t\t\t\t<\/div>\n\t\t\t\t\t<\/div>\n\t\t\t\t<\/div>\n\t\t\t\t<\/div>\n\t\t","protected":false},"excerpt":{"rendered":"<p>Perspectives &amp; Insights<\/p>\n","protected":false},"author":4,"featured_media":0,"parent":0,"menu_order":0,"comment_status":"closed","ping_status":"closed","template":"elementor_header_footer","meta":{"_acf_changed":false,"_seopress_robots_primary_cat":"","_seopress_titles_title":"Tankar och funderingar l Lead by Profession","_seopress_titles_desc":"F\u00f6rdjupande inl\u00e4gg om ledarskap, f\u00f6r\u00e4ndring och sj\u00e4lvledarskap - av Anne-Le\u00e9 Holmberg, strategisk guide och konsult.","_seopress_robots_index":"","footnotes":""},"class_list":["post-2683","page","type-page","status-publish","hentry"],"acf":[],"_links":{"self":[{"href":"https:\/\/www.leadbyprofession.com\/en\/wp-json\/wp\/v2\/pages\/2683","targetHints":{"allow":["GET"]}}],"collection":[{"href":"https:\/\/www.leadbyprofession.com\/en\/wp-json\/wp\/v2\/pages"}],"about":[{"href":"https:\/\/www.leadbyprofession.com\/en\/wp-json\/wp\/v2\/types\/page"}],"author":[{"embeddable":true,"href":"https:\/\/www.leadbyprofession.com\/en\/wp-json\/wp\/v2\/users\/4"}],"replies":[{"embeddable":true,"href":"https:\/\/www.leadbyprofession.com\/en\/wp-json\/wp\/v2\/comments?post=2683"}],"version-history":[{"count":2,"href":"https:\/\/www.leadbyprofession.com\/en\/wp-json\/wp\/v2\/pages\/2683\/revisions"}],"predecessor-version":[{"id":2868,"href":"https:\/\/www.leadbyprofession.com\/en\/wp-json\/wp\/v2\/pages\/2683\/revisions\/2868"}],"wp:attachment":[{"href":"https:\/\/www.leadbyprofession.com\/en\/wp-json\/wp\/v2\/media?parent=2683"}],"curies":[{"name":"wp","href":"https:\/\/api.w.org\/{rel}","templated":true}]}}